{"id":9,"date":"2022-06-13T20:56:20","date_gmt":"2022-06-13T20:56:20","guid":{"rendered":"https:\/\/claudiajuarez.com.mx\/?page_id=9"},"modified":"2022-12-24T06:25:31","modified_gmt":"2022-12-24T06:25:31","slug":"beautiful-portfolios-for-exceptional-creatives","status":"publish","type":"page","link":"https:\/\/claudiajuarez.com.mx\/","title":{"rendered":"ACERCATE AL MUNDO DEL VINO"},"content":{"rendered":"\n<p>En este sitio podr\u00e1s acercarte al mundo del vino de forma amateur, profesional y empresarial. Te invitamos a conocer todos nuestros servicios especializados relacionados al vino, bebidas y gastron\u00f3mico que ofrecemos para ti.<\/p>\n\n\n\n<figure class=\"wp-block-image alignwide size-large\"><img loading=\"lazy\" decoding=\"async\" width=\"1024\" height=\"768\" src=\"https:\/\/claudiajuarez.com.mx\/wp-content\/uploads\/2022\/12\/DSCN2589-1024x768.jpg\" alt=\"\" class=\"wp-image-253\" srcset=\"https:\/\/claudiajuarez.com.mx\/wp-content\/uploads\/2022\/12\/DSCN2589-1024x768.jpg 1024w, https:\/\/claudiajuarez.com.mx\/wp-content\/uploads\/2022\/12\/DSCN2589-300x225.jpg 300w, https:\/\/claudiajuarez.com.mx\/wp-content\/uploads\/2022\/12\/DSCN2589-768x576.jpg 768w, https:\/\/claudiajuarez.com.mx\/wp-content\/uploads\/2022\/12\/DSCN2589-1536x1152.jpg 1536w, https:\/\/claudiajuarez.com.mx\/wp-content\/uploads\/2022\/12\/DSCN2589-2048x1536.jpg 2048w, https:\/\/claudiajuarez.com.mx\/wp-content\/uploads\/2022\/12\/DSCN2589-2000x1500.jpg 2000w\" sizes=\"auto, (max-width: 1024px) 100vw, 1024px\" \/><\/figure>\n\n\n\n<div class=\"wp-block-group alignfull has-background is-content-justification-center is-nowrap is-layout-flex wp-container-core-group-is-layout-23441af8 wp-block-group-is-layout-flex\" style=\"background-color:#e5e9ec;font-size:clamp(14px, 0.875rem + ((1vw - 3.2px) * 0.208), 16px);\">\n<div class=\"wp-block-columns is-layout-flex wp-container-core-columns-is-layout-28f84493 wp-block-columns-is-layout-flex\">\n<div class=\"wp-block-column is-vertically-aligned-bottom is-layout-flow wp-block-column-is-layout-flow\">\n<h2 class=\"has-text-align-center wp-block-heading\">SOBRE DE CLAUDIA<\/h2>\n\n\n\n<div class=\"wp-block-columns is-layout-flex wp-container-core-columns-is-layout-28f84493 wp-block-columns-is-layout-flex\">\n<div class=\"wp-block-column is-layout-flow wp-block-column-is-layout-flow\" style=\"flex-basis:100%\">\n<blockquote class=\"wp-block-quote is-style-default is-layout-flow wp-block-quote-is-layout-flow\" style=\"font-size:clamp(14px, 0.875rem + ((1vw - 3.2px) * 0.208), 16px);font-style:normal;font-weight:400\">\n<p style=\"font-size:clamp(14px, 0.875rem + ((1vw - 3.2px) * 0.208), 16px);\">Tras estudiar Ciencias de la Comunicaci\u00f3n en la UNAM y una Maestr\u00eda en Coaching Empresarial, Claudia encuentra su verdadera pasi\u00f3n dentro del mundo del vino desde hace 15 a\u00f1os.<\/p>\n<\/blockquote>\n<\/div>\n<\/div>\n\n\n\n<div class=\"wp-block-buttons is-horizontal is-content-justification-left is-layout-flex wp-container-core-buttons-is-layout-20be11b6 wp-block-buttons-is-layout-flex\"><\/div>\n<\/div>\n\n\n\n<div class=\"wp-block-column is-layout-flow wp-block-column-is-layout-flow\">\n<div style=\"height:48px\" aria-hidden=\"true\" class=\"wp-block-spacer\"><\/div>\n\n\n\n<figure class=\"wp-block-image size-large is-resized\"><img loading=\"lazy\" decoding=\"async\" src=\"https:\/\/claudiajuarez.com.mx\/wp-content\/uploads\/2022\/09\/tempImageqM6O8q-0000-1024x681.jpg\" alt=\"\" class=\"wp-image-140\" width=\"426\" height=\"282\" srcset=\"https:\/\/claudiajuarez.com.mx\/wp-content\/uploads\/2022\/09\/tempImageqM6O8q-0000-1024x681.jpg 1024w, https:\/\/claudiajuarez.com.mx\/wp-content\/uploads\/2022\/09\/tempImageqM6O8q-0000-300x199.jpg 300w, https:\/\/claudiajuarez.com.mx\/wp-content\/uploads\/2022\/09\/tempImageqM6O8q-0000-768x511.jpg 768w, https:\/\/claudiajuarez.com.mx\/wp-content\/uploads\/2022\/09\/tempImageqM6O8q-0000-1536x1021.jpg 1536w, https:\/\/claudiajuarez.com.mx\/wp-content\/uploads\/2022\/09\/tempImageqM6O8q-0000-2048x1362.jpg 2048w, https:\/\/claudiajuarez.com.mx\/wp-content\/uploads\/2022\/09\/tempImageqM6O8q-0000-2000x1330.jpg 2000w\" sizes=\"auto, (max-width: 426px) 100vw, 426px\" \/><\/figure>\n<\/div>\n<\/div>\n<\/div>\n\n\n\n<div class=\"wp-block-group alignfull has-black-background-color has-background is-layout-flow wp-block-group-is-layout-flow\">\n<h2 class=\"has-text-align-center has-white-color has-text-color wp-block-heading\"><strong>Galer\u00eda<\/strong><\/h2>\n\n\n\n<figure class=\"wp-block-gallery aligncenter has-nested-images columns-default is-cropped wp-block-gallery-1 is-layout-flex wp-block-gallery-is-layout-flex\">\n<figure class=\"wp-block-image size-large\"><img loading=\"lazy\" decoding=\"async\" width=\"1024\" height=\"683\" data-id=\"138\" src=\"https:\/\/claudiajuarez.com.mx\/wp-content\/uploads\/2022\/09\/tempImageXnd2wN-0000-1024x683.jpg\" alt=\"\" class=\"wp-image-138\" srcset=\"https:\/\/claudiajuarez.com.mx\/wp-content\/uploads\/2022\/09\/tempImageXnd2wN-0000-1024x683.jpg 1024w, https:\/\/claudiajuarez.com.mx\/wp-content\/uploads\/2022\/09\/tempImageXnd2wN-0000-300x200.jpg 300w, https:\/\/claudiajuarez.com.mx\/wp-content\/uploads\/2022\/09\/tempImageXnd2wN-0000-768x512.jpg 768w, https:\/\/claudiajuarez.com.mx\/wp-content\/uploads\/2022\/09\/tempImageXnd2wN-0000-1536x1024.jpg 1536w, https:\/\/claudiajuarez.com.mx\/wp-content\/uploads\/2022\/09\/tempImageXnd2wN-0000-2048x1365.jpg 2048w, https:\/\/claudiajuarez.com.mx\/wp-content\/uploads\/2022\/09\/tempImageXnd2wN-0000-2000x1333.jpg 2000w\" sizes=\"auto, (max-width: 1024px) 100vw, 1024px\" \/><figcaption class=\"wp-element-caption\"><strong>Mendoza<\/strong><\/figcaption><\/figure>\n\n\n\n<figure class=\"wp-block-image size-large\"><img loading=\"lazy\" decoding=\"async\" width=\"1024\" height=\"683\" data-id=\"154\" src=\"https:\/\/claudiajuarez.com.mx\/wp-content\/uploads\/2022\/09\/tempImaget3OLDY-0000-1024x683.jpg\" alt=\"\" class=\"wp-image-154\" srcset=\"https:\/\/claudiajuarez.com.mx\/wp-content\/uploads\/2022\/09\/tempImaget3OLDY-0000-1024x683.jpg 1024w, https:\/\/claudiajuarez.com.mx\/wp-content\/uploads\/2022\/09\/tempImaget3OLDY-0000-300x200.jpg 300w, https:\/\/claudiajuarez.com.mx\/wp-content\/uploads\/2022\/09\/tempImaget3OLDY-0000-768x512.jpg 768w, https:\/\/claudiajuarez.com.mx\/wp-content\/uploads\/2022\/09\/tempImaget3OLDY-0000-1536x1024.jpg 1536w, https:\/\/claudiajuarez.com.mx\/wp-content\/uploads\/2022\/09\/tempImaget3OLDY-0000-2048x1365.jpg 2048w, https:\/\/claudiajuarez.com.mx\/wp-content\/uploads\/2022\/09\/tempImaget3OLDY-0000-2000x1333.jpg 2000w\" sizes=\"auto, (max-width: 1024px) 100vw, 1024px\" \/><figcaption class=\"wp-element-caption\"><strong>Douro<\/strong><\/figcaption><\/figure>\n\n\n\n<figure class=\"wp-block-image size-large\"><img loading=\"lazy\" decoding=\"async\" width=\"1024\" height=\"683\" data-id=\"141\" src=\"https:\/\/claudiajuarez.com.mx\/wp-content\/uploads\/2022\/09\/FOTO-3-ONTARIO-1024x683.jpg\" alt=\"\" class=\"wp-image-141\" srcset=\"https:\/\/claudiajuarez.com.mx\/wp-content\/uploads\/2022\/09\/FOTO-3-ONTARIO-1024x683.jpg 1024w, https:\/\/claudiajuarez.com.mx\/wp-content\/uploads\/2022\/09\/FOTO-3-ONTARIO-300x200.jpg 300w, https:\/\/claudiajuarez.com.mx\/wp-content\/uploads\/2022\/09\/FOTO-3-ONTARIO-768x512.jpg 768w, https:\/\/claudiajuarez.com.mx\/wp-content\/uploads\/2022\/09\/FOTO-3-ONTARIO-1536x1024.jpg 1536w, https:\/\/claudiajuarez.com.mx\/wp-content\/uploads\/2022\/09\/FOTO-3-ONTARIO-2048x1365.jpg 2048w, https:\/\/claudiajuarez.com.mx\/wp-content\/uploads\/2022\/09\/FOTO-3-ONTARIO-2000x1333.jpg 2000w\" sizes=\"auto, (max-width: 1024px) 100vw, 1024px\" \/><figcaption class=\"wp-element-caption\"><strong>Niagara on the Lake<\/strong><\/figcaption><\/figure>\n\n\n\n<figure class=\"wp-block-image size-large\"><img loading=\"lazy\" decoding=\"async\" width=\"1024\" height=\"683\" data-id=\"142\" src=\"https:\/\/claudiajuarez.com.mx\/wp-content\/uploads\/2022\/09\/FOTO-4-ONTARIO-1024x683.jpg\" alt=\"\" class=\"wp-image-142\" srcset=\"https:\/\/claudiajuarez.com.mx\/wp-content\/uploads\/2022\/09\/FOTO-4-ONTARIO-1024x683.jpg 1024w, https:\/\/claudiajuarez.com.mx\/wp-content\/uploads\/2022\/09\/FOTO-4-ONTARIO-300x200.jpg 300w, https:\/\/claudiajuarez.com.mx\/wp-content\/uploads\/2022\/09\/FOTO-4-ONTARIO-768x512.jpg 768w, https:\/\/claudiajuarez.com.mx\/wp-content\/uploads\/2022\/09\/FOTO-4-ONTARIO-1536x1024.jpg 1536w, https:\/\/claudiajuarez.com.mx\/wp-content\/uploads\/2022\/09\/FOTO-4-ONTARIO-2048x1365.jpg 2048w, https:\/\/claudiajuarez.com.mx\/wp-content\/uploads\/2022\/09\/FOTO-4-ONTARIO-2000x1333.jpg 2000w\" sizes=\"auto, (max-width: 1024px) 100vw, 1024px\" \/><figcaption class=\"wp-element-caption\"><strong>Ontario<\/strong><\/figcaption><\/figure>\n\n\n\n<figure class=\"wp-block-image size-large\"><img loading=\"lazy\" decoding=\"async\" width=\"1024\" height=\"768\" data-id=\"143\" src=\"https:\/\/claudiajuarez.com.mx\/wp-content\/uploads\/2022\/09\/FOTO-5-BAROLO-1024x768.jpg\" alt=\"\" class=\"wp-image-143\" srcset=\"https:\/\/claudiajuarez.com.mx\/wp-content\/uploads\/2022\/09\/FOTO-5-BAROLO-1024x768.jpg 1024w, https:\/\/claudiajuarez.com.mx\/wp-content\/uploads\/2022\/09\/FOTO-5-BAROLO-300x225.jpg 300w, https:\/\/claudiajuarez.com.mx\/wp-content\/uploads\/2022\/09\/FOTO-5-BAROLO-768x576.jpg 768w, https:\/\/claudiajuarez.com.mx\/wp-content\/uploads\/2022\/09\/FOTO-5-BAROLO-1536x1152.jpg 1536w, https:\/\/claudiajuarez.com.mx\/wp-content\/uploads\/2022\/09\/FOTO-5-BAROLO-2048x1535.jpg 2048w, https:\/\/claudiajuarez.com.mx\/wp-content\/uploads\/2022\/09\/FOTO-5-BAROLO-2000x1499.jpg 2000w\" sizes=\"auto, (max-width: 1024px) 100vw, 1024px\" \/><figcaption class=\"wp-element-caption\"><strong>Barolo<\/strong><\/figcaption><\/figure>\n\n\n\n<figure class=\"wp-block-image size-large\"><img loading=\"lazy\" decoding=\"async\" width=\"1024\" height=\"768\" data-id=\"144\" src=\"https:\/\/claudiajuarez.com.mx\/wp-content\/uploads\/2022\/09\/FOTO-6-SAUTERNES-1024x768.jpg\" alt=\"\" class=\"wp-image-144\" srcset=\"https:\/\/claudiajuarez.com.mx\/wp-content\/uploads\/2022\/09\/FOTO-6-SAUTERNES-1024x768.jpg 1024w, https:\/\/claudiajuarez.com.mx\/wp-content\/uploads\/2022\/09\/FOTO-6-SAUTERNES-300x225.jpg 300w, https:\/\/claudiajuarez.com.mx\/wp-content\/uploads\/2022\/09\/FOTO-6-SAUTERNES-768x576.jpg 768w, https:\/\/claudiajuarez.com.mx\/wp-content\/uploads\/2022\/09\/FOTO-6-SAUTERNES-1536x1152.jpg 1536w, https:\/\/claudiajuarez.com.mx\/wp-content\/uploads\/2022\/09\/FOTO-6-SAUTERNES-2048x1535.jpg 2048w, https:\/\/claudiajuarez.com.mx\/wp-content\/uploads\/2022\/09\/FOTO-6-SAUTERNES-2000x1499.jpg 2000w\" sizes=\"auto, (max-width: 1024px) 100vw, 1024px\" \/><figcaption class=\"wp-element-caption\"><strong>Sauternes<\/strong><\/figcaption><\/figure>\n<\/figure>\n<\/div>\n\n\n\n<div class=\"wp-block-cover alignfull is-light has-parallax is-position-center-center\" style=\"min-height:375px;aspect-ratio:unset;\"><span aria-hidden=\"true\" class=\"wp-block-cover__background has-black-background-color has-background-dim-40 has-background-dim\"><\/span><div role=\"img\" class=\"wp-block-cover__image-background wp-image-145 has-parallax\" style=\"background-position:50% 50%;background-image:url(https:\/\/claudiajuarez.com.mx\/wp-content\/uploads\/2022\/09\/PIE-DE-PAGINA-scaled.jpg)\"><\/div><div class=\"wp-block-cover__inner-container is-layout-flow wp-block-cover-is-layout-flow\">\n<p class=\"has-text-align-center has-text-color has-huge-font-size\" style=\"color:#fffffa;line-height:1.1\">&#8220;<sub><strong style=\"font-weight: bold; font-style: italic;\">Wine is the most civilized thing in the world<\/strong> &#8220;<\/sub><\/p>\n\n\n\n<p class=\"has-white-color has-text-color\">Ernest Hemingway<\/p>\n\n\n\n<div style=\"height:39px\" aria-hidden=\"true\" class=\"wp-block-spacer\"><\/div>\n\n\n\n<div class=\"wp-block-buttons is-horizontal is-content-justification-center is-layout-flex wp-container-core-buttons-is-layout-03627597 wp-block-buttons-is-layout-flex\">\n<div class=\"wp-block-button is-style-outline is-style-outline--2\"><a class=\"wp-block-button__link has-white-color has-text-color wp-element-button\" href=\"#\">Contacto<\/a><\/div>\n<\/div>\n<\/div><\/div>\n","protected":false},"excerpt":{"rendered":"<p>En este sitio podr\u00e1s acercarte al mundo del vino de forma amateur, profesional y empresarial. Te invitamos a conocer todos nuestros servicios especializados relacionados al vino, bebidas y gastron\u00f3mico que ofrecemos para ti. SOBRE DE CLAUDIA Tras estudiar Ciencias de la Comunicaci\u00f3n en la UNAM y una Maestr\u00eda en Coaching Empresarial, Claudia encuentra su verdadera &hellip; <\/p>\n<p class=\"link-more\"><a href=\"https:\/\/claudiajuarez.com.mx\/\" class=\"more-link\">Read more<span class=\"screen-reader-text\"> &#8220;ACERCATE AL MUNDO DEL VINO&#8221;<\/span><\/a><\/p>\n","protected":false},"author":1,"featured_media":153,"parent":0,"menu_order":0,"comment_status":"closed","ping_status":"closed","template":"","meta":{"footnotes":""},"class_list":["post-9","page","type-page","status-publish","has-post-thumbnail","hentry"],"_links":{"self":[{"href":"https:\/\/claudiajuarez.com.mx\/index.php\/wp-json\/wp\/v2\/pages\/9","targetHints":{"allow":["GET"]}}],"collection":[{"href":"https:\/\/claudiajuarez.com.mx\/index.php\/wp-json\/wp\/v2\/pages"}],"about":[{"href":"https:\/\/claudiajuarez.com.mx\/index.php\/wp-json\/wp\/v2\/types\/page"}],"author":[{"embeddable":true,"href":"https:\/\/claudiajuarez.com.mx\/index.php\/wp-json\/wp\/v2\/users\/1"}],"replies":[{"embeddable":true,"href":"https:\/\/claudiajuarez.com.mx\/index.php\/wp-json\/wp\/v2\/comments?post=9"}],"version-history":[{"count":67,"href":"https:\/\/claudiajuarez.com.mx\/index.php\/wp-json\/wp\/v2\/pages\/9\/revisions"}],"predecessor-version":[{"id":277,"href":"https:\/\/claudiajuarez.com.mx\/index.php\/wp-json\/wp\/v2\/pages\/9\/revisions\/277"}],"wp:featuredmedia":[{"embeddable":true,"href":"https:\/\/claudiajuarez.com.mx\/index.php\/wp-json\/wp\/v2\/media\/153"}],"wp:attachment":[{"href":"https:\/\/claudiajuarez.com.mx\/index.php\/wp-json\/wp\/v2\/media?parent=9"}],"curies":[{"name":"wp","href":"https:\/\/api.w.org\/{rel}","templated":true}]}}